{"id":348,"date":"2025-11-24T16:55:02","date_gmt":"2025-11-24T21:55:02","guid":{"rendered":"https:\/\/sesiac.org.br\/sites\/educacao\/?page_id=348"},"modified":"2025-11-24T17:35:49","modified_gmt":"2025-11-24T22:35:49","slug":"ensino-medio","status":"publish","type":"page","link":"https:\/\/sesiac.org.br\/sites\/educacao\/ensino-medio\/","title":{"rendered":"ENSINO M\u00c9DIO"},"content":{"rendered":"\t\t<div data-elementor-type=\"wp-page\" data-elementor-id=\"348\" class=\"elementor elementor-348\" data-elementor-post-type=\"page\">\n\t\t\t\t<div class=\"elementor-element elementor-element-12e17d73 e-flex e-con-boxed e-con e-parent\" data-id=\"12e17d73\" data-element_type=\"container\" data-e-type=\"container\" data-settings=\"{&quot;background_background&quot;:&quot;gradient&quot;}\">\n\t\t\t\t\t<div class=\"e-con-inner\">\n\t\t<div class=\"elementor-element elementor-element-11c2a54 e-con-full e-flex e-con e-child\" data-id=\"11c2a54\" data-element_type=\"container\" data-e-type=\"container\">\n\t\t\t\t<div class=\"elementor-element elementor-element-134b6a08 elementor-widget elementor-widget-heading\" data-id=\"134b6a08\" data-element_type=\"widget\" data-e-type=\"widget\" data-widget_type=\"heading.default\">\n\t\t\t\t\t<h2 class=\"elementor-heading-title elementor-size-default\">Ensino M\u00e9dio<\/h2>\t\t\t\t<\/div>\n\t\t\t\t<div class=\"elementor-element elementor-element-3965d7c3 elementor-widget elementor-widget-text-editor\" data-id=\"3965d7c3\" data-element_type=\"widget\" data-e-type=\"widget\" data-widget_type=\"text-editor.default\">\n\t\t\t\t\t\t\t\t\t<strong>Conhecimento e autonomia para formar agentes transformadores do espa\u00e7o que ocupam<\/strong>\t\t\t\t\t\t\t\t<\/div>\n\t\t\t\t<\/div>\n\t\t<div class=\"elementor-element elementor-element-3b6d4290 e-con-full e-flex e-con e-child\" data-id=\"3b6d4290\" data-element_type=\"container\" data-e-type=\"container\">\n\t\t\t\t<div class=\"elementor-element elementor-element-7e65a8bb elementor-invisible elementor-widget elementor-widget-image\" data-id=\"7e65a8bb\" data-element_type=\"widget\" data-e-type=\"widget\" data-settings=\"{&quot;motion_fx_motion_fx_mouse&quot;:&quot;yes&quot;,&quot;motion_fx_mouseTrack_effect&quot;:&quot;yes&quot;,&quot;motion_fx_mouseTrack_direction&quot;:&quot;negative&quot;,&quot;motion_fx_mouseTrack_speed&quot;:{&quot;unit&quot;:&quot;px&quot;,&quot;size&quot;:1.5,&quot;sizes&quot;:[]},&quot;_animation&quot;:&quot;fadeInLeft&quot;}\" data-widget_type=\"image.default\">\n\t\t\t\t\t\t\t\t\t\t\t\t\t\t\t<img fetchpriority=\"high\" decoding=\"async\" width=\"500\" height=\"316\" src=\"https:\/\/sesiac.org.br\/sites\/educacao\/wp-content\/uploads\/2025\/11\/medio1.png\" class=\"attachment-full size-full wp-image-355\" alt=\"\" srcset=\"https:\/\/sesiac.org.br\/sites\/educacao\/wp-content\/uploads\/2025\/11\/medio1.png 500w, https:\/\/sesiac.org.br\/sites\/educacao\/wp-content\/uploads\/2025\/11\/medio1-300x190.png 300w\" sizes=\"(max-width: 500px) 100vw, 500px\" \/>\t\t\t\t\t\t\t\t\t\t\t\t\t\t\t<\/div>\n\t\t\t\t<\/div>\n\t\t\t\t\t<\/div>\n\t\t\t\t<\/div>\n\t\t<div class=\"elementor-element elementor-element-67fda599 e-flex e-con-boxed e-con e-parent\" data-id=\"67fda599\" data-element_type=\"container\" data-e-type=\"container\">\n\t\t\t\t\t<div class=\"e-con-inner\">\n\t\t\t\t<div class=\"elementor-element elementor-element-6d003ea4 elementor-widget elementor-widget-text-editor\" data-id=\"6d003ea4\" data-element_type=\"widget\" data-e-type=\"widget\" data-widget_type=\"text-editor.default\">\n\t\t\t\t\t\t\t\t\t<p>O Ensino M\u00e9dio da Escola SESI \u00e9 pautado em um novo jeito de aprender e ensinar, fundamentado nas necessidades da sociedade do s\u00e9culo XXI e do mundo do trabalho atual. Nele, cada estudante precisa ter a capacidade de reinventar-se diante dos novos desafios e das diversas situa\u00e7\u00f5es da vida.<\/p><p>Ensino M\u00e9dio integra a educa\u00e7\u00e3o b\u00e1sica a itiner\u00e1rios de Aprofundamentos da Forma\u00e7\u00e3o Geral B\u00e1sica, promovendo uma forma\u00e7\u00e3o integral.<\/p><p>Como funciona:<\/p>\t\t\t\t\t\t\t\t<\/div>\n\t\t\t\t\t<\/div>\n\t\t\t\t<\/div>\n\t\t<div class=\"elementor-element elementor-element-55e2360 e-flex e-con-boxed e-con e-parent\" data-id=\"55e2360\" data-element_type=\"container\" data-e-type=\"container\">\n\t\t\t\t\t<div class=\"e-con-inner\">\n\t\t<div class=\"elementor-element elementor-element-38dcf34 e-con-full e-flex e-con e-child\" data-id=\"38dcf34\" data-element_type=\"container\" data-e-type=\"container\" data-settings=\"{&quot;background_background&quot;:&quot;classic&quot;}\">\n\t\t\t\t<div class=\"elementor-element elementor-element-2390b32 elementor-widget elementor-widget-text-editor\" data-id=\"2390b32\" data-element_type=\"widget\" data-e-type=\"widget\" data-widget_type=\"text-editor.default\">\n\t\t\t\t\t\t\t\t\t<p><strong>1\u00aa S\u00c9RIE:<\/strong><\/p><p>O estudante \u00e9 estimulado a se autoconhecer, identificar as possibilidades e criar um projeto de vida e de carreira.<\/p>\t\t\t\t\t\t\t\t<\/div>\n\t\t\t\t<\/div>\n\t\t<div class=\"elementor-element elementor-element-c4113f5 e-con-full e-flex e-con e-child\" data-id=\"c4113f5\" data-element_type=\"container\" data-e-type=\"container\" data-settings=\"{&quot;background_background&quot;:&quot;classic&quot;}\">\n\t\t\t\t<div class=\"elementor-element elementor-element-a9f32c0 elementor-widget elementor-widget-text-editor\" data-id=\"a9f32c0\" data-element_type=\"widget\" data-e-type=\"widget\" data-widget_type=\"text-editor.default\">\n\t\t\t\t\t\t\t\t\t<p><strong>2\u00aa S\u00c9RIE:<\/strong><\/p><p>O estudante inicia o itiner\u00e1rio de Aprofundamento da Forma\u00e7\u00e3o Geral B\u00e1sica.<\/p>\t\t\t\t\t\t\t\t<\/div>\n\t\t\t\t<\/div>\n\t\t<div class=\"elementor-element elementor-element-e3172b2 e-con-full e-flex e-con e-child\" data-id=\"e3172b2\" data-element_type=\"container\" data-e-type=\"container\" data-settings=\"{&quot;background_background&quot;:&quot;classic&quot;}\">\n\t\t\t\t<div class=\"elementor-element elementor-element-3a8fe37 elementor-widget elementor-widget-text-editor\" data-id=\"3a8fe37\" data-element_type=\"widget\" data-e-type=\"widget\" data-widget_type=\"text-editor.default\">\n\t\t\t\t\t\t\t\t\t<p><strong>3\u00aa S\u00c9RIE:<\/strong><\/p><p>Conclus\u00e3o dos estudos.<\/p>\t\t\t\t\t\t\t\t<\/div>\n\t\t\t\t<\/div>\n\t\t\t\t\t<\/div>\n\t\t\t\t<\/div>\n\t\t<div class=\"elementor-element elementor-element-20aef7d e-flex e-con-boxed e-con e-parent\" data-id=\"20aef7d\" data-element_type=\"container\" data-e-type=\"container\">\n\t\t\t\t\t<div class=\"e-con-inner\">\n\t\t\t\t<div class=\"elementor-element elementor-element-dae5fb1 elementor-widget elementor-widget-text-editor\" data-id=\"dae5fb1\" data-element_type=\"widget\" data-e-type=\"widget\" data-widget_type=\"text-editor.default\">\n\t\t\t\t\t\t\t\t\t<p>Nos projetos de aprendizagem, sejam individuais ou em grupo, os estudantes s\u00e3o instigados a desenvolver o senso cr\u00edtico, elaborando a resolu\u00e7\u00e3o de quest\u00f5es que propiciem a leitura da realidade, integrando a forma\u00e7\u00e3o geral aos itiner\u00e1rios de aprofundamento.<\/p><p>Para o desenvolvimento desses projetos, contextualizados com a realidade, os estudantes t\u00eam acesso a ambientes diferenciados de aprendizagem: virtual, m\u00eddias digitais, visitas a empresas, entrevistas, leituras, relat\u00f3rios de experi\u00eancia e outros.<\/p><p>Por meio do di\u00e1logo, da argumenta\u00e7\u00e3o e da reflex\u00e3o, as habilidades e compet\u00eancias desenvolvidas nas aulas e atividades pr\u00e1ticas do Ensino M\u00e9dio da Escola SESI de Refer\u00eancia proporcionam uma vis\u00e3o de mundo empreendedora, formando cidad\u00e3os com consci\u00eancia de coletividade e capacidade de gerar impacto positivo para a sociedade.<\/p>\t\t\t\t\t\t\t\t<\/div>\n\t\t\t\t\t<\/div>\n\t\t\t\t<\/div>\n\t\t<div class=\"elementor-element elementor-element-1df825c8 e-flex e-con-boxed e-con e-parent\" data-id=\"1df825c8\" data-element_type=\"container\" data-e-type=\"container\" data-settings=\"{&quot;background_background&quot;:&quot;gradient&quot;}\">\n\t\t\t\t\t<div class=\"e-con-inner\">\n\t\t\t\t\t<\/div>\n\t\t\t\t<\/div>\n\t\t\t\t<\/div>\n\t\t","protected":false},"excerpt":{"rendered":"<p>Ensino M\u00e9dio Conhecimento e autonomia para formar agentes transformadores do espa\u00e7o que ocupam O Ensino M\u00e9dio da Escola SESI \u00e9 pautado em um novo jeito de aprender e ensinar, fundamentado nas necessidades da sociedade do s\u00e9culo XXI e do mundo do trabalho atual. Nele, cada estudante precisa ter a capacidade de reinventar-se diante dos novos [&hellip;]<\/p>\n","protected":false},"author":1,"featured_media":0,"parent":0,"menu_order":0,"comment_status":"closed","ping_status":"closed","template":"elementor_header_footer","meta":{"footnotes":""},"class_list":["post-348","page","type-page","status-publish","hentry"],"_links":{"self":[{"href":"https:\/\/sesiac.org.br\/sites\/educacao\/wp-json\/wp\/v2\/pages\/348","targetHints":{"allow":["GET"]}}],"collection":[{"href":"https:\/\/sesiac.org.br\/sites\/educacao\/wp-json\/wp\/v2\/pages"}],"about":[{"href":"https:\/\/sesiac.org.br\/sites\/educacao\/wp-json\/wp\/v2\/types\/page"}],"author":[{"embeddable":true,"href":"https:\/\/sesiac.org.br\/sites\/educacao\/wp-json\/wp\/v2\/users\/1"}],"replies":[{"embeddable":true,"href":"https:\/\/sesiac.org.br\/sites\/educacao\/wp-json\/wp\/v2\/comments?post=348"}],"version-history":[{"count":19,"href":"https:\/\/sesiac.org.br\/sites\/educacao\/wp-json\/wp\/v2\/pages\/348\/revisions"}],"predecessor-version":[{"id":375,"href":"https:\/\/sesiac.org.br\/sites\/educacao\/wp-json\/wp\/v2\/pages\/348\/revisions\/375"}],"wp:attachment":[{"href":"https:\/\/sesiac.org.br\/sites\/educacao\/wp-json\/wp\/v2\/media?parent=348"}],"curies":[{"name":"wp","href":"https:\/\/api.w.org\/{rel}","templated":true}]}}