{"id":237,"date":"2025-11-21T18:38:43","date_gmt":"2025-11-21T23:38:43","guid":{"rendered":"https:\/\/sesiac.org.br\/sites\/educacao\/?page_id=237"},"modified":"2025-11-25T16:40:16","modified_gmt":"2025-11-25T21:40:16","slug":"educacao-infantil","status":"publish","type":"page","link":"https:\/\/sesiac.org.br\/sites\/educacao\/educacao-infantil\/","title":{"rendered":"EDUCA\u00c7\u00c3O INFANTIL"},"content":{"rendered":"\t\t<div data-elementor-type=\"wp-page\" data-elementor-id=\"237\" class=\"elementor elementor-237\" data-elementor-post-type=\"page\">\n\t\t\t\t<div class=\"elementor-element elementor-element-31298e9a e-flex e-con-boxed e-con e-parent\" data-id=\"31298e9a\" data-element_type=\"container\" data-e-type=\"container\" data-settings=\"{&quot;background_background&quot;:&quot;gradient&quot;}\">\n\t\t\t\t\t<div class=\"e-con-inner\">\n\t\t<div class=\"elementor-element elementor-element-3d66ca18 e-con-full e-flex e-con e-child\" data-id=\"3d66ca18\" data-element_type=\"container\" data-e-type=\"container\">\n\t\t\t\t<div class=\"elementor-element elementor-element-67dac9dd elementor-widget elementor-widget-heading\" data-id=\"67dac9dd\" data-element_type=\"widget\" data-e-type=\"widget\" data-widget_type=\"heading.default\">\n\t\t\t\t\t<h2 class=\"elementor-heading-title elementor-size-default\">Educa\u00e7\u00e3o infantil<\/h2>\t\t\t\t<\/div>\n\t\t\t\t<div class=\"elementor-element elementor-element-12bb4c49 elementor-widget elementor-widget-text-editor\" data-id=\"12bb4c49\" data-element_type=\"widget\" data-e-type=\"widget\" data-widget_type=\"text-editor.default\">\n\t\t\t\t\t\t\t\t\t<strong>Cuidado, educa\u00e7\u00e3o, h\u00e1bitos saud\u00e1veis e muita divers\u00e3o<\/strong>\t\t\t\t\t\t\t\t<\/div>\n\t\t\t\t<div class=\"elementor-element elementor-element-169d1f3 elementor-widget elementor-widget-heading\" data-id=\"169d1f3\" data-element_type=\"widget\" data-e-type=\"widget\" data-widget_type=\"heading.default\">\n\t\t\t\t\t<h2 class=\"elementor-heading-title elementor-size-default\">Pr\u00e9-escola<\/h2>\t\t\t\t<\/div>\n\t\t\t\t<div class=\"elementor-element elementor-element-5ee2614 elementor-widget elementor-widget-text-editor\" data-id=\"5ee2614\" data-element_type=\"widget\" data-e-type=\"widget\" data-widget_type=\"text-editor.default\">\n\t\t\t\t\t\t\t\t\t4 anos a 5 anos e 11 meses\t\t\t\t\t\t\t\t<\/div>\n\t\t\t\t<\/div>\n\t\t<div class=\"elementor-element elementor-element-2e9c7e96 e-con-full e-flex e-con e-child\" data-id=\"2e9c7e96\" data-element_type=\"container\" data-e-type=\"container\">\n\t\t\t\t<div class=\"elementor-element elementor-element-1a932b8 elementor-invisible elementor-widget elementor-widget-image\" data-id=\"1a932b8\" data-element_type=\"widget\" data-e-type=\"widget\" data-settings=\"{&quot;motion_fx_motion_fx_mouse&quot;:&quot;yes&quot;,&quot;motion_fx_mouseTrack_effect&quot;:&quot;yes&quot;,&quot;motion_fx_mouseTrack_direction&quot;:&quot;negative&quot;,&quot;motion_fx_mouseTrack_speed&quot;:{&quot;unit&quot;:&quot;px&quot;,&quot;size&quot;:1.5,&quot;sizes&quot;:[]},&quot;_animation&quot;:&quot;fadeInLeft&quot;}\" data-widget_type=\"image.default\">\n\t\t\t\t\t\t\t\t\t\t\t\t\t\t\t<img fetchpriority=\"high\" decoding=\"async\" width=\"614\" height=\"542\" src=\"https:\/\/sesiac.org.br\/sites\/educacao\/wp-content\/uploads\/2025\/11\/educa-infantil-003.png\" class=\"attachment-full size-full wp-image-241\" alt=\"\" srcset=\"https:\/\/sesiac.org.br\/sites\/educacao\/wp-content\/uploads\/2025\/11\/educa-infantil-003.png 614w, https:\/\/sesiac.org.br\/sites\/educacao\/wp-content\/uploads\/2025\/11\/educa-infantil-003-300x265.png 300w\" sizes=\"(max-width: 614px) 100vw, 614px\" \/>\t\t\t\t\t\t\t\t\t\t\t\t\t\t\t<\/div>\n\t\t\t\t<\/div>\n\t\t\t\t\t<\/div>\n\t\t\t\t<\/div>\n\t\t<div class=\"elementor-element elementor-element-3ae6b646 e-flex e-con-boxed e-con e-parent\" data-id=\"3ae6b646\" data-element_type=\"container\" data-e-type=\"container\">\n\t\t\t\t\t<div class=\"e-con-inner\">\n\t\t<div class=\"elementor-element elementor-element-17fea315 e-con-full e-flex e-con e-child\" data-id=\"17fea315\" data-element_type=\"container\" data-e-type=\"container\">\n\t\t\t\t<div class=\"elementor-element elementor-element-7620ad58 elementor-widget elementor-widget-text-editor\" data-id=\"7620ad58\" data-element_type=\"widget\" data-e-type=\"widget\" data-widget_type=\"text-editor.default\">\n\t\t\t\t\t\t\t\t\t<strong>As crian\u00e7as como protagonistas do seu processo de desenvolvimento<\/strong>\t\t\t\t\t\t\t\t<\/div>\n\t\t\t\t<div class=\"elementor-element elementor-element-379bbe5 elementor-widget elementor-widget-text-editor\" data-id=\"379bbe5\" data-element_type=\"widget\" data-e-type=\"widget\" data-widget_type=\"text-editor.default\">\n\t\t\t\t\t\t\t\t\tCada crian\u00e7a \u00e9 um ser ativo que aprende com as rela\u00e7\u00f5es e as experi\u00eancias vivenciadas. E \u00e9 nessa etapa que elas iniciam a sua constru\u00e7\u00e3o de projeto de vida. Por isso, nossa metodologia \u00e9 pautada, desde a primeira inf\u00e2ncia, no protagonismo. Ou seja, acreditamos que as crian\u00e7as devem se ver como protagonistas ativas do seu processo de desenvolvimento e aprendizagem.\t\t\t\t\t\t\t\t<\/div>\n\t\t\t\t<\/div>\n\t\t<div class=\"elementor-element elementor-element-144e708f e-con-full e-flex e-con e-child\" data-id=\"144e708f\" data-element_type=\"container\" data-e-type=\"container\">\n\t\t\t\t<div class=\"elementor-element elementor-element-458ae887 elementor-widget elementor-widget-image\" data-id=\"458ae887\" data-element_type=\"widget\" data-e-type=\"widget\" data-widget_type=\"image.default\">\n\t\t\t\t\t\t\t\t\t\t\t\t\t\t\t<img decoding=\"async\" width=\"900\" height=\"545\" src=\"https:\/\/sesiac.org.br\/sites\/educacao\/wp-content\/uploads\/2025\/11\/sesi-escola.jpg\" class=\"attachment-full size-full wp-image-504\" alt=\"\" srcset=\"https:\/\/sesiac.org.br\/sites\/educacao\/wp-content\/uploads\/2025\/11\/sesi-escola.jpg 900w, https:\/\/sesiac.org.br\/sites\/educacao\/wp-content\/uploads\/2025\/11\/sesi-escola-300x182.jpg 300w, https:\/\/sesiac.org.br\/sites\/educacao\/wp-content\/uploads\/2025\/11\/sesi-escola-768x465.jpg 768w\" sizes=\"(max-width: 900px) 100vw, 900px\" \/>\t\t\t\t\t\t\t\t\t\t\t\t\t\t\t<\/div>\n\t\t\t\t<\/div>\n\t\t\t\t\t<\/div>\n\t\t\t\t<\/div>\n\t\t<div class=\"elementor-element elementor-element-7f151564 e-flex e-con-boxed e-con e-parent\" data-id=\"7f151564\" data-element_type=\"container\" data-e-type=\"container\" data-settings=\"{&quot;background_background&quot;:&quot;gradient&quot;}\">\n\t\t\t\t\t<div class=\"e-con-inner\">\n\t\t\t\t<div class=\"elementor-element elementor-element-7198aa9 elementor-widget elementor-widget-gallery\" data-id=\"7198aa9\" data-element_type=\"widget\" data-e-type=\"widget\" data-settings=\"{&quot;columns&quot;:3,&quot;lazyload&quot;:&quot;yes&quot;,&quot;gallery_layout&quot;:&quot;grid&quot;,&quot;columns_tablet&quot;:2,&quot;columns_mobile&quot;:1,&quot;gap&quot;:{&quot;unit&quot;:&quot;px&quot;,&quot;size&quot;:10,&quot;sizes&quot;:[]},&quot;gap_tablet&quot;:{&quot;unit&quot;:&quot;px&quot;,&quot;size&quot;:10,&quot;sizes&quot;:[]},&quot;gap_mobile&quot;:{&quot;unit&quot;:&quot;px&quot;,&quot;size&quot;:10,&quot;sizes&quot;:[]},&quot;link_to&quot;:&quot;file&quot;,&quot;aspect_ratio&quot;:&quot;3:2&quot;,&quot;overlay_background&quot;:&quot;yes&quot;,&quot;content_hover_animation&quot;:&quot;fade-in&quot;}\" data-widget_type=\"gallery.default\">\n\t\t\t\t\t\t\t<div class=\"elementor-gallery__container\">\n\t\t\t\t\t\t\t<a class=\"e-gallery-item elementor-gallery-item elementor-animated-content\" href=\"https:\/\/sesiac.org.br\/sites\/educacao\/wp-content\/uploads\/2025\/11\/WhatsApp-Image-2025-10-29-at-16.39.31.jpg\" data-elementor-open-lightbox=\"yes\" data-elementor-lightbox-slideshow=\"7198aa9\" data-elementor-lightbox-title=\"WhatsApp-Image-2025-10-29-at-16.39.31\" data-e-action-hash=\"#elementor-action%3Aaction%3Dlightbox%26settings%3DeyJpZCI6MjgyLCJ1cmwiOiJodHRwczpcL1wvc2VzaWFjLm9yZy5iclwvc2l0ZXNcL2VkdWNhY2FvXC93cC1jb250ZW50XC91cGxvYWRzXC8yMDI1XC8xMVwvV2hhdHNBcHAtSW1hZ2UtMjAyNS0xMC0yOS1hdC0xNi4zOS4zMS5qcGciLCJzbGlkZXNob3ciOiI3MTk4YWE5In0%3D\">\n\t\t\t\t\t<div class=\"e-gallery-image elementor-gallery-item__image\" data-thumbnail=\"https:\/\/sesiac.org.br\/sites\/educacao\/wp-content\/uploads\/2025\/11\/WhatsApp-Image-2025-10-29-at-16.39.31.jpg\" data-width=\"900\" data-height=\"512\" aria-label=\"\" role=\"img\" ><\/div>\n\t\t\t\t\t\t\t\t\t\t\t<div class=\"elementor-gallery-item__overlay\"><\/div>\n\t\t\t\t\t\t\t\t\t\t\t\t\t\t<\/a>\n\t\t\t\t\t\t\t<a class=\"e-gallery-item elementor-gallery-item elementor-animated-content\" href=\"https:\/\/sesiac.org.br\/sites\/educacao\/wp-content\/uploads\/2025\/11\/WhatsApp-Image-2025-10-29-at-16.39.31-6.jpg\" data-elementor-open-lightbox=\"yes\" data-elementor-lightbox-slideshow=\"7198aa9\" data-elementor-lightbox-title=\"WhatsApp-Image-2025-10-29-at-16.39.31-(6)\" data-e-action-hash=\"#elementor-action%3Aaction%3Dlightbox%26settings%3DeyJpZCI6MjgxLCJ1cmwiOiJodHRwczpcL1wvc2VzaWFjLm9yZy5iclwvc2l0ZXNcL2VkdWNhY2FvXC93cC1jb250ZW50XC91cGxvYWRzXC8yMDI1XC8xMVwvV2hhdHNBcHAtSW1hZ2UtMjAyNS0xMC0yOS1hdC0xNi4zOS4zMS02LmpwZyIsInNsaWRlc2hvdyI6IjcxOThhYTkifQ%3D%3D\">\n\t\t\t\t\t<div class=\"e-gallery-image elementor-gallery-item__image\" data-thumbnail=\"https:\/\/sesiac.org.br\/sites\/educacao\/wp-content\/uploads\/2025\/11\/WhatsApp-Image-2025-10-29-at-16.39.31-6.jpg\" data-width=\"900\" data-height=\"796\" aria-label=\"\" role=\"img\" ><\/div>\n\t\t\t\t\t\t\t\t\t\t\t<div class=\"elementor-gallery-item__overlay\"><\/div>\n\t\t\t\t\t\t\t\t\t\t\t\t\t\t<\/a>\n\t\t\t\t\t\t\t<a class=\"e-gallery-item elementor-gallery-item elementor-animated-content\" href=\"https:\/\/sesiac.org.br\/sites\/educacao\/wp-content\/uploads\/2025\/11\/WhatsApp-Image-2025-10-29-at-16.39.31-5.jpg\" data-elementor-open-lightbox=\"yes\" data-elementor-lightbox-slideshow=\"7198aa9\" data-elementor-lightbox-title=\"WhatsApp-Image-2025-10-29-at-16.39.31-(5)\" data-e-action-hash=\"#elementor-action%3Aaction%3Dlightbox%26settings%3DeyJpZCI6MjgwLCJ1cmwiOiJodHRwczpcL1wvc2VzaWFjLm9yZy5iclwvc2l0ZXNcL2VkdWNhY2FvXC93cC1jb250ZW50XC91cGxvYWRzXC8yMDI1XC8xMVwvV2hhdHNBcHAtSW1hZ2UtMjAyNS0xMC0yOS1hdC0xNi4zOS4zMS01LmpwZyIsInNsaWRlc2hvdyI6IjcxOThhYTkifQ%3D%3D\">\n\t\t\t\t\t<div class=\"e-gallery-image elementor-gallery-item__image\" data-thumbnail=\"https:\/\/sesiac.org.br\/sites\/educacao\/wp-content\/uploads\/2025\/11\/WhatsApp-Image-2025-10-29-at-16.39.31-5.jpg\" data-width=\"900\" data-height=\"600\" aria-label=\"\" role=\"img\" ><\/div>\n\t\t\t\t\t\t\t\t\t\t\t<div class=\"elementor-gallery-item__overlay\"><\/div>\n\t\t\t\t\t\t\t\t\t\t\t\t\t\t<\/a>\n\t\t\t\t\t\t\t<a class=\"e-gallery-item elementor-gallery-item elementor-animated-content\" href=\"https:\/\/sesiac.org.br\/sites\/educacao\/wp-content\/uploads\/2025\/11\/WhatsApp-Image-2025-10-29-at-16.39.31-4.jpg\" data-elementor-open-lightbox=\"yes\" data-elementor-lightbox-slideshow=\"7198aa9\" data-elementor-lightbox-title=\"WhatsApp-Image-2025-10-29-at-16.39.31-(4)\" data-e-action-hash=\"#elementor-action%3Aaction%3Dlightbox%26settings%3DeyJpZCI6Mjc5LCJ1cmwiOiJodHRwczpcL1wvc2VzaWFjLm9yZy5iclwvc2l0ZXNcL2VkdWNhY2FvXC93cC1jb250ZW50XC91cGxvYWRzXC8yMDI1XC8xMVwvV2hhdHNBcHAtSW1hZ2UtMjAyNS0xMC0yOS1hdC0xNi4zOS4zMS00LmpwZyIsInNsaWRlc2hvdyI6IjcxOThhYTkifQ%3D%3D\">\n\t\t\t\t\t<div class=\"e-gallery-image elementor-gallery-item__image\" data-thumbnail=\"https:\/\/sesiac.org.br\/sites\/educacao\/wp-content\/uploads\/2025\/11\/WhatsApp-Image-2025-10-29-at-16.39.31-4.jpg\" data-width=\"900\" data-height=\"537\" aria-label=\"\" role=\"img\" ><\/div>\n\t\t\t\t\t\t\t\t\t\t\t<div class=\"elementor-gallery-item__overlay\"><\/div>\n\t\t\t\t\t\t\t\t\t\t\t\t\t\t<\/a>\n\t\t\t\t\t\t\t<a class=\"e-gallery-item elementor-gallery-item elementor-animated-content\" href=\"https:\/\/sesiac.org.br\/sites\/educacao\/wp-content\/uploads\/2025\/11\/WhatsApp-Image-2025-10-29-at-16.39.31-3.jpg\" data-elementor-open-lightbox=\"yes\" data-elementor-lightbox-slideshow=\"7198aa9\" data-elementor-lightbox-title=\"WhatsApp-Image-2025-10-29-at-16.39.31-(3)\" data-e-action-hash=\"#elementor-action%3Aaction%3Dlightbox%26settings%3DeyJpZCI6Mjc4LCJ1cmwiOiJodHRwczpcL1wvc2VzaWFjLm9yZy5iclwvc2l0ZXNcL2VkdWNhY2FvXC93cC1jb250ZW50XC91cGxvYWRzXC8yMDI1XC8xMVwvV2hhdHNBcHAtSW1hZ2UtMjAyNS0xMC0yOS1hdC0xNi4zOS4zMS0zLmpwZyIsInNsaWRlc2hvdyI6IjcxOThhYTkifQ%3D%3D\">\n\t\t\t\t\t<div class=\"e-gallery-image elementor-gallery-item__image\" data-thumbnail=\"https:\/\/sesiac.org.br\/sites\/educacao\/wp-content\/uploads\/2025\/11\/WhatsApp-Image-2025-10-29-at-16.39.31-3.jpg\" data-width=\"900\" data-height=\"626\" aria-label=\"\" role=\"img\" ><\/div>\n\t\t\t\t\t\t\t\t\t\t\t<div class=\"elementor-gallery-item__overlay\"><\/div>\n\t\t\t\t\t\t\t\t\t\t\t\t\t\t<\/a>\n\t\t\t\t\t\t\t<a class=\"e-gallery-item elementor-gallery-item elementor-animated-content\" href=\"https:\/\/sesiac.org.br\/sites\/educacao\/wp-content\/uploads\/2025\/11\/WhatsApp-Image-2025-10-29-at-16.39.31-2.jpg\" data-elementor-open-lightbox=\"yes\" data-elementor-lightbox-slideshow=\"7198aa9\" data-elementor-lightbox-title=\"WhatsApp-Image-2025-10-29-at-16.39.31-(2)\" data-e-action-hash=\"#elementor-action%3Aaction%3Dlightbox%26settings%3DeyJpZCI6Mjc3LCJ1cmwiOiJodHRwczpcL1wvc2VzaWFjLm9yZy5iclwvc2l0ZXNcL2VkdWNhY2FvXC93cC1jb250ZW50XC91cGxvYWRzXC8yMDI1XC8xMVwvV2hhdHNBcHAtSW1hZ2UtMjAyNS0xMC0yOS1hdC0xNi4zOS4zMS0yLmpwZyIsInNsaWRlc2hvdyI6IjcxOThhYTkifQ%3D%3D\">\n\t\t\t\t\t<div class=\"e-gallery-image elementor-gallery-item__image\" data-thumbnail=\"https:\/\/sesiac.org.br\/sites\/educacao\/wp-content\/uploads\/2025\/11\/WhatsApp-Image-2025-10-29-at-16.39.31-2.jpg\" data-width=\"900\" data-height=\"726\" aria-label=\"\" role=\"img\" ><\/div>\n\t\t\t\t\t\t\t\t\t\t\t<div class=\"elementor-gallery-item__overlay\"><\/div>\n\t\t\t\t\t\t\t\t\t\t\t\t\t\t<\/a>\n\t\t\t\t\t\t\t<a class=\"e-gallery-item elementor-gallery-item elementor-animated-content\" href=\"https:\/\/sesiac.org.br\/sites\/educacao\/wp-content\/uploads\/2025\/11\/WhatsApp-Image-2025-10-29-at-16.39.31-1.jpg\" data-elementor-open-lightbox=\"yes\" data-elementor-lightbox-slideshow=\"7198aa9\" data-elementor-lightbox-title=\"WhatsApp-Image-2025-10-29-at-16.39.31-(1)\" data-e-action-hash=\"#elementor-action%3Aaction%3Dlightbox%26settings%3DeyJpZCI6Mjc2LCJ1cmwiOiJodHRwczpcL1wvc2VzaWFjLm9yZy5iclwvc2l0ZXNcL2VkdWNhY2FvXC93cC1jb250ZW50XC91cGxvYWRzXC8yMDI1XC8xMVwvV2hhdHNBcHAtSW1hZ2UtMjAyNS0xMC0yOS1hdC0xNi4zOS4zMS0xLmpwZyIsInNsaWRlc2hvdyI6IjcxOThhYTkifQ%3D%3D\">\n\t\t\t\t\t<div class=\"e-gallery-image elementor-gallery-item__image\" data-thumbnail=\"https:\/\/sesiac.org.br\/sites\/educacao\/wp-content\/uploads\/2025\/11\/WhatsApp-Image-2025-10-29-at-16.39.31-1.jpg\" data-width=\"900\" data-height=\"460\" aria-label=\"\" role=\"img\" ><\/div>\n\t\t\t\t\t\t\t\t\t\t\t<div class=\"elementor-gallery-item__overlay\"><\/div>\n\t\t\t\t\t\t\t\t\t\t\t\t\t\t<\/a>\n\t\t\t\t\t\t\t<a class=\"e-gallery-item elementor-gallery-item elementor-animated-content\" href=\"https:\/\/sesiac.org.br\/sites\/educacao\/wp-content\/uploads\/2025\/11\/WhatsApp-Image-2025-10-29-at-16.39.30.jpg\" data-elementor-open-lightbox=\"yes\" data-elementor-lightbox-slideshow=\"7198aa9\" data-elementor-lightbox-title=\"WhatsApp-Image-2025-10-29-at-16.39.30\" data-e-action-hash=\"#elementor-action%3Aaction%3Dlightbox%26settings%3DeyJpZCI6Mjc1LCJ1cmwiOiJodHRwczpcL1wvc2VzaWFjLm9yZy5iclwvc2l0ZXNcL2VkdWNhY2FvXC93cC1jb250ZW50XC91cGxvYWRzXC8yMDI1XC8xMVwvV2hhdHNBcHAtSW1hZ2UtMjAyNS0xMC0yOS1hdC0xNi4zOS4zMC5qcGciLCJzbGlkZXNob3ciOiI3MTk4YWE5In0%3D\">\n\t\t\t\t\t<div class=\"e-gallery-image elementor-gallery-item__image\" data-thumbnail=\"https:\/\/sesiac.org.br\/sites\/educacao\/wp-content\/uploads\/2025\/11\/WhatsApp-Image-2025-10-29-at-16.39.30.jpg\" data-width=\"900\" data-height=\"536\" aria-label=\"\" role=\"img\" ><\/div>\n\t\t\t\t\t\t\t\t\t\t\t<div class=\"elementor-gallery-item__overlay\"><\/div>\n\t\t\t\t\t\t\t\t\t\t\t\t\t\t<\/a>\n\t\t\t\t\t\t\t<a class=\"e-gallery-item elementor-gallery-item elementor-animated-content\" href=\"https:\/\/sesiac.org.br\/sites\/educacao\/wp-content\/uploads\/2025\/11\/WhatsApp-Image-2025-10-29-at-16.39.30-2.jpg\" data-elementor-open-lightbox=\"yes\" data-elementor-lightbox-slideshow=\"7198aa9\" data-elementor-lightbox-title=\"WhatsApp-Image-2025-10-29-at-16.39.30-(2)\" data-e-action-hash=\"#elementor-action%3Aaction%3Dlightbox%26settings%3DeyJpZCI6Mjc0LCJ1cmwiOiJodHRwczpcL1wvc2VzaWFjLm9yZy5iclwvc2l0ZXNcL2VkdWNhY2FvXC93cC1jb250ZW50XC91cGxvYWRzXC8yMDI1XC8xMVwvV2hhdHNBcHAtSW1hZ2UtMjAyNS0xMC0yOS1hdC0xNi4zOS4zMC0yLmpwZyIsInNsaWRlc2hvdyI6IjcxOThhYTkifQ%3D%3D\">\n\t\t\t\t\t<div class=\"e-gallery-image elementor-gallery-item__image\" data-thumbnail=\"https:\/\/sesiac.org.br\/sites\/educacao\/wp-content\/uploads\/2025\/11\/WhatsApp-Image-2025-10-29-at-16.39.30-2.jpg\" data-width=\"900\" data-height=\"506\" aria-label=\"\" role=\"img\" ><\/div>\n\t\t\t\t\t\t\t\t\t\t\t<div class=\"elementor-gallery-item__overlay\"><\/div>\n\t\t\t\t\t\t\t\t\t\t\t\t\t\t<\/a>\n\t\t\t\t\t<\/div>\n\t\t\t\t\t<\/div>\n\t\t\t\t\t<\/div>\n\t\t\t\t<\/div>\n\t\t\t\t<\/div>\n\t\t","protected":false},"excerpt":{"rendered":"<p>Educa\u00e7\u00e3o infantil Cuidado, educa\u00e7\u00e3o, h\u00e1bitos saud\u00e1veis e muita divers\u00e3o Pr\u00e9-escola 4 anos a 5 anos e 11 meses As crian\u00e7as como protagonistas do seu processo de desenvolvimentoCada crian\u00e7a \u00e9 um ser ativo que aprende com as rela\u00e7\u00f5es e as experi\u00eancias vivenciadas. E \u00e9 nessa etapa que elas iniciam a sua constru\u00e7\u00e3o de projeto de vida. [&hellip;]<\/p>\n","protected":false},"author":1,"featured_media":0,"parent":0,"menu_order":0,"comment_status":"closed","ping_status":"closed","template":"elementor_header_footer","meta":{"footnotes":""},"class_list":["post-237","page","type-page","status-publish","hentry"],"_links":{"self":[{"href":"https:\/\/sesiac.org.br\/sites\/educacao\/wp-json\/wp\/v2\/pages\/237","targetHints":{"allow":["GET"]}}],"collection":[{"href":"https:\/\/sesiac.org.br\/sites\/educacao\/wp-json\/wp\/v2\/pages"}],"about":[{"href":"https:\/\/sesiac.org.br\/sites\/educacao\/wp-json\/wp\/v2\/types\/page"}],"author":[{"embeddable":true,"href":"https:\/\/sesiac.org.br\/sites\/educacao\/wp-json\/wp\/v2\/users\/1"}],"replies":[{"embeddable":true,"href":"https:\/\/sesiac.org.br\/sites\/educacao\/wp-json\/wp\/v2\/comments?post=237"}],"version-history":[{"count":49,"href":"https:\/\/sesiac.org.br\/sites\/educacao\/wp-json\/wp\/v2\/pages\/237\/revisions"}],"predecessor-version":[{"id":507,"href":"https:\/\/sesiac.org.br\/sites\/educacao\/wp-json\/wp\/v2\/pages\/237\/revisions\/507"}],"wp:attachment":[{"href":"https:\/\/sesiac.org.br\/sites\/educacao\/wp-json\/wp\/v2\/media?parent=237"}],"curies":[{"name":"wp","href":"https:\/\/api.w.org\/{rel}","templated":true}]}}